{"id":25104,"date":"2025-08-28T18:33:13","date_gmt":"2025-08-28T21:33:13","guid":{"rendered":"https:\/\/cemaipo.ramirocarrion.com\/wordpress\/?page_id=25104"},"modified":"2025-09-08T11:27:26","modified_gmt":"2025-09-08T14:27:26","slug":"programa-somos-tutoria","status":"publish","type":"page","link":"https:\/\/cemaipo.ramirocarrion.com\/wordpress\/programa-somos-tutoria\/","title":{"rendered":"Programa Somos Tutor\u00eda"},"content":{"rendered":"<p>[et_pb_section fb_built=\u00bb1&#8243; use_custom_gutter=\u00bbon\u00bb gutter_width=\u00bb1&#8243; specialty=\u00bbon\u00bb padding_top_1=\u00bb80px\u00bb padding_right_1=\u00bb60px\u00bb padding_bottom_1=\u00bb80px\u00bb padding_left_1=\u00bb60px\u00bb padding_top_bottom_link_1=\u00bbtrue\u00bb padding_left_right_link_1=\u00bbtrue\u00bb padding_1_tablet=\u00bb|40px||40px||true\u00bb padding_1_phone=\u00bb\u00bb padding_1_last_edited=\u00bbon|phone\u00bb admin_label=\u00bbvideo\u00bb module_class=\u00bb et_pb_specialty_fullwidth\u00bb _builder_version=\u00bb4.27.4&#8243; background_color=\u00bb#f4eedb\u00bb inner_width=\u00bb100%\u00bb inner_width_tablet=\u00bb100%\u00bb inner_width_phone=\u00bb100%\u00bb inner_width_last_edited=\u00bbon|desktop\u00bb inner_max_width=\u00bb100%\u00bb inner_max_width_tablet=\u00bb100%\u00bb inner_max_width_phone=\u00bb100%\u00bb inner_max_width_last_edited=\u00bbon|desktop\u00bb custom_padding=\u00bb0px||0px||true|\u00bb hover_enabled=\u00bb0&#8243; border_radii=\u00bboff||||65px\u00bb make_fullwidth=\u00bbon\u00bb collapsed=\u00bboff\u00bb global_colors_info=\u00bb{}\u00bb sticky_enabled=\u00bb0&#8243;][et_pb_column type=\u00bb1_3&#8243; _builder_version=\u00bb4.16&#8243; custom_padding=\u00bb|||\u00bb global_colors_info=\u00bb{}\u00bb padding_tablet=\u00bb|40px||40px||true\u00bb padding_last_edited=\u00bbon|phone\u00bb custom_padding__hover=\u00bb|||\u00bb padding_phone=\u00bb|40px||40px||true\u00bb][et_pb_image src=\u00bbhttps:\/\/cemaipo.ramirocarrion.com\/wordpress\/wp-content\/uploads\/2025\/08\/cemaipo_logo_pro003.png\u00bb title_text=\u00bbcemaipo_logo_pro003&#8243; show_bottom_space=\u00bboff\u00bb _builder_version=\u00bb4.27.4&#8243; _module_preset=\u00bbdefault\u00bb width=\u00bb50%\u00bb custom_margin=\u00bb-79px||-8px|||\u00bb custom_padding=\u00bb0px|||||\u00bb global_colors_info=\u00bb{}\u00bb][\/et_pb_image][et_pb_text _builder_version=\u00bb4.27.4&#8243; text_font=\u00bbPoppins|500|||||||\u00bb text_text_color=\u00bb#000000&#8243; text_font_size=\u00bb15px\u00bb text_line_height=\u00bb1.8em\u00bb background_layout=\u00bbdark\u00bb custom_margin=\u00bb1px||1px||true|\u00bb custom_padding=\u00bb0px|||||\u00bb locked=\u00bboff\u00bb global_colors_info=\u00bb{}\u00bb]Desde 2019, este programa potencia la formaci\u00f3n personal y la orientaci\u00f3n vocacional de j\u00f3venes del Maipo, guiando a estudiantes de IV medio de liceos de Buin y Paine (tutorados) en el dise\u00f1o de sus trayectorias formativas y laborales, a trav\u00e9s de un acompa\u00f1amiento personalizado realizado por profesionales voluntarios de la zona (tutores) quienes orientan y apoyan a los j\u00f3venes en su proceso de autoconocimiento, crecimiento personal, y en la toma de decisiones informadas que son clave para su futuro y la definici\u00f3n de su plan vocacional[\/et_pb_text][\/et_pb_column][et_pb_column type=\u00bb2_3&#8243; specialty_columns=\u00bb2&#8243; _builder_version=\u00bb4.16&#8243; custom_padding=\u00bb|||\u00bb global_colors_info=\u00bb{}\u00bb custom_padding__hover=\u00bb|||\u00bb][et_pb_row_inner _builder_version=\u00bb4.27.4&#8243; custom_margin=\u00bb|||\u00bb custom_padding=\u00bb0||0||true|false\u00bb global_colors_info=\u00bb{}\u00bb][et_pb_column_inner saved_specialty_column_type=\u00bb2_3&#8243; _builder_version=\u00bb4.27.4&#8243; custom_padding=\u00bb|||\u00bb hover_enabled=\u00bb0&#8243; global_colors_info=\u00bb{}\u00bb custom_padding__hover=\u00bb|||\u00bb sticky_enabled=\u00bb0&#8243;][et_pb_image src=\u00bbhttps:\/\/cemaipo.ramirocarrion.com\/wordpress\/wp-content\/uploads\/2025\/09\/cemaipo_tutorias_001_2.jpg\u00bb title_text=\u00bbcemaipo_tutorias_001_2&#8243; _builder_version=\u00bb4.27.4&#8243; _module_preset=\u00bbdefault\u00bb hover_enabled=\u00bb0&#8243; global_colors_info=\u00bb{}\u00bb sticky_enabled=\u00bb0&#8243;][\/et_pb_image][\/et_pb_column_inner][\/et_pb_row_inner][\/et_pb_column][\/et_pb_section][et_pb_section fb_built=\u00bb1&#8243; background_color_gradient_stops_1=\u00bb#2b87da 0%|#c7cbd4 100%\u00bb background_color_gradient_end_1=\u00bb#c7cbd4&#8243; admin_label=\u00bbTexto &#8211; Imagen Izq\u00bb _builder_version=\u00bb4.27.4&#8243; background_color=\u00bb#FFFFFF\u00bb custom_padding=\u00bb0|0px|0|0px|false|false\u00bb locked=\u00bboff\u00bb global_colors_info=\u00bb{}\u00bb][et_pb_row column_structure=\u00bb1_2,1_2&#8243; use_custom_gutter=\u00bbon\u00bb gutter_width=\u00bb1&#8243; make_equal=\u00bbon\u00bb padding_top_bottom_link_1=\u00bbtrue\u00bb padding_top_bottom_link_2=\u00bbtrue\u00bb module_class=\u00bb et_pb_row_fullwidth\u00bb _builder_version=\u00bb4.27.4&#8243; width=\u00bb100%\u00bb width_tablet=\u00bb100%\u00bb width_phone=\u00bb\u00bb width_last_edited=\u00bbon|desktop\u00bb max_width=\u00bb100%\u00bb max_width_tablet=\u00bb100%\u00bb max_width_phone=\u00bb\u00bb max_width_last_edited=\u00bbon|desktop\u00bb custom_padding=\u00bb0px|0px|0px|0px\u00bb hover_enabled=\u00bb0&#8243; make_fullwidth=\u00bbon\u00bb global_colors_info=\u00bb{}\u00bb sticky_enabled=\u00bb0&#8243;][et_pb_column type=\u00bb1_2&#8243; _builder_version=\u00bb4.27.4&#8243; background_color_gradient_direction=\u00bb90deg\u00bb background_color_gradient_start=\u00bb#ff7355&#8243; background_color_gradient_end=\u00bbrgba(255,115,85,0.6)\u00bb background_image=\u00bbhttps:\/\/cemaipo.ramirocarrion.com\/wordpress\/wp-content\/uploads\/2025\/09\/cemaipo_tutorias_005.png\u00bb custom_padding=\u00bb120px|10%|120px|80px\u00bb custom_padding_tablet=\u00bb|10%||10%||true\u00bb custom_padding_phone=\u00bb\u00bb custom_padding_last_edited=\u00bbon|tablet\u00bb hover_enabled=\u00bb0&#8243; global_colors_info=\u00bb{}\u00bb padding_tablet=\u00bb|10%||10%||true\u00bb padding_last_edited=\u00bbon|tablet\u00bb custom_padding__hover=\u00bb|||\u00bb padding_phone=\u00bb|10%||10%||true\u00bb title_text=\u00bbcemaipo_tutorias_005&#8243; sticky_enabled=\u00bb0&#8243;][et_pb_divider color=\u00bbrgba(0,0,0,0)\u00bb _builder_version=\u00bb4.16&#8243; height=\u00bb200px\u00bb locked=\u00bboff\u00bb global_colors_info=\u00bb{}\u00bb][\/et_pb_divider][\/et_pb_column][et_pb_column type=\u00bb1_2&#8243; _builder_version=\u00bb4.16&#8243; custom_padding=\u00bb120px|80px|120px|10%\u00bb custom_padding_tablet=\u00bb|10%||10%||true\u00bb custom_padding_phone=\u00bb\u00bb custom_padding_last_edited=\u00bbon|tablet\u00bb global_colors_info=\u00bb{}\u00bb padding_tablet=\u00bb|10%||10%||true\u00bb padding_last_edited=\u00bbon|tablet\u00bb custom_padding__hover=\u00bb|||\u00bb padding_phone=\u00bb|10%||10%||true\u00bb][et_pb_text admin_label=\u00bbTitle\u00bb _builder_version=\u00bb4.27.4&#8243; text_font=\u00bbPoppins||||||||\u00bb text_font_size=\u00bb16px\u00bb text_line_height=\u00bb2em\u00bb quote_font=\u00bb||||||||\u00bb header_font=\u00bbPoppins||||||||\u00bb header_2_font=\u00bbPoppins|700||on|||||\u00bb header_2_text_color=\u00bb#afb57f\u00bb header_2_font_size=\u00bb40px\u00bb header_2_letter_spacing=\u00bb3px\u00bb header_2_line_height=\u00bb1.4em\u00bb header_5_font=\u00bbRubik|700||on|||||\u00bb header_5_text_color=\u00bb#ff7355&#8243; header_5_letter_spacing=\u00bb5px\u00bb header_5_line_height=\u00bb1.2em\u00bb max_width=\u00bb600px\u00bb max_width_tablet=\u00bb\u00bb max_width_phone=\u00bb\u00bb max_width_last_edited=\u00bbon|phone\u00bb custom_margin=\u00bb|||\u00bb custom_margin_tablet=\u00bb|70px||70px\u00bb custom_margin_phone=\u00bb|50px||50px\u00bb custom_margin_last_edited=\u00bboff|desktop\u00bb custom_padding=\u00bb|||\u00bb text_line_height_last_edited=\u00bboff|desktop\u00bb header_2_font_size_tablet=\u00bb\u00bb header_2_font_size_phone=\u00bb30px\u00bb header_2_font_size_last_edited=\u00bbon|phone\u00bb locked=\u00bboff\u00bb inline_fonts=\u00bbSacramento\u00bb global_colors_info=\u00bb{}\u00bb]<\/p>\n<h2>Sesiones personalizadas<\/h2>\n<p>El programa se desarrolla de abril a noviembre, a trav\u00e9s de 6 sesiones presenciales entre tutor y tutorado en el liceo y una salida vocacional, ya sea a una empresa o instituci\u00f3n de educaci\u00f3n superior. Los j\u00f3venes participan de un proceso de postulaci\u00f3n y selecci\u00f3n. Para implementar las sesiones entregamos un manual, y acompa\u00f1amos permanentemente el proceso, adem\u00e1s de contar con una psic\u00f3loga vocacional y trabajar en alianza con los liceos.<\/p>\n<p>[\/et_pb_text][et_pb_code _builder_version=\u00bb4.27.4&#8243; _module_preset=\u00bbdefault\u00bb global_colors_info=\u00bb{}\u00bb][\/et_pb_code][\/et_pb_column][\/et_pb_row][\/et_pb_section][et_pb_section fb_built=\u00bb1&#8243; background_color_gradient_stops_1=\u00bb#2b87da 0%|#c7cbd4 100%\u00bb background_color_gradient_end_1=\u00bb#c7cbd4&#8243; admin_label=\u00bbTexto &#8211; imagen der\u00bb _builder_version=\u00bb4.27.4&#8243; background_color=\u00bb#f5f5f4&#8243; custom_padding=\u00bb0|0px|0|0px|false|false\u00bb locked=\u00bboff\u00bb global_colors_info=\u00bb{}\u00bb][et_pb_row column_structure=\u00bb1_2,1_2&#8243; use_custom_gutter=\u00bbon\u00bb gutter_width=\u00bb1&#8243; make_equal=\u00bbon\u00bb padding_top_bottom_link_1=\u00bbtrue\u00bb padding_top_bottom_link_2=\u00bbtrue\u00bb module_class=\u00bb et_pb_row_fullwidth\u00bb _builder_version=\u00bb4.27.4&#8243; width=\u00bb100%\u00bb width_tablet=\u00bb100%\u00bb width_phone=\u00bb\u00bb width_last_edited=\u00bbon|desktop\u00bb max_width=\u00bb100%\u00bb max_width_tablet=\u00bb100%\u00bb max_width_phone=\u00bb\u00bb max_width_last_edited=\u00bbon|desktop\u00bb custom_padding=\u00bb0px|0px|0px|0px\u00bb hover_enabled=\u00bb0&#8243; make_fullwidth=\u00bbon\u00bb global_colors_info=\u00bb{}\u00bb sticky_enabled=\u00bb0&#8243;][et_pb_column type=\u00bb1_2&#8243; _builder_version=\u00bb4.16&#8243; custom_padding=\u00bb120px|80px|120px|10%\u00bb custom_padding_tablet=\u00bb|10%||10%||true\u00bb custom_padding_phone=\u00bb\u00bb custom_padding_last_edited=\u00bbon|tablet\u00bb global_colors_info=\u00bb{}\u00bb padding_tablet=\u00bb|10%||10%||true\u00bb padding_last_edited=\u00bbon|tablet\u00bb custom_padding__hover=\u00bb|||\u00bb padding_phone=\u00bb|10%||10%||true\u00bb][et_pb_text admin_label=\u00bbTitle\u00bb _builder_version=\u00bb4.27.4&#8243; text_font=\u00bbPoppins||||||||\u00bb text_font_size=\u00bb16px\u00bb text_line_height=\u00bb2em\u00bb quote_font=\u00bb||||||||\u00bb header_font=\u00bbPoppins||||||||\u00bb header_2_font=\u00bbPoppins|700||on|||||\u00bb header_2_text_color=\u00bb#afb57f\u00bb header_2_font_size=\u00bb40px\u00bb header_2_letter_spacing=\u00bb3px\u00bb header_2_line_height=\u00bb1.4em\u00bb header_5_font=\u00bbRubik|700||on|||||\u00bb header_5_text_color=\u00bb#ff7355&#8243; header_5_letter_spacing=\u00bb5px\u00bb header_5_line_height=\u00bb1.2em\u00bb max_width=\u00bb600px\u00bb max_width_tablet=\u00bb\u00bb max_width_phone=\u00bb\u00bb max_width_last_edited=\u00bbon|phone\u00bb custom_margin=\u00bb|||\u00bb custom_margin_tablet=\u00bb|70px||70px\u00bb custom_margin_phone=\u00bb|50px||50px\u00bb custom_margin_last_edited=\u00bboff|desktop\u00bb custom_padding=\u00bb|||\u00bb text_line_height_last_edited=\u00bboff|desktop\u00bb header_2_font_size_tablet=\u00bb\u00bb header_2_font_size_phone=\u00bb30px\u00bb header_2_font_size_last_edited=\u00bbon|phone\u00bb locked=\u00bboff\u00bb inline_fonts=\u00bbSacramento\u00bb global_colors_info=\u00bb{}\u00bb]<\/p>\n<h2>Capacitaci\u00f3n tutores<\/h2>\n<p>Fortalecemos las habilidades y competencias de los tutores para llevar a cabo su rol de tutores a trav\u00e9s de dos capacitaciones al a\u00f1o.<\/p>\n<p>&nbsp;<\/p>\n<p>&nbsp;<\/p>\n<p>[\/et_pb_text][et_pb_code _builder_version=\u00bb4.27.4&#8243; _module_preset=\u00bbdefault\u00bb global_colors_info=\u00bb{}\u00bb][\/et_pb_code][\/et_pb_column][et_pb_column type=\u00bb1_2&#8243; _builder_version=\u00bb4.27.4&#8243; background_color_gradient_direction=\u00bb90deg\u00bb background_color_gradient_start=\u00bb#ff7355&#8243; background_color_gradient_end=\u00bbrgba(255,115,85,0.6)\u00bb background_image=\u00bbhttps:\/\/cemaipo.ramirocarrion.com\/wordpress\/wp-content\/uploads\/2025\/09\/cemaipo_tutorias_006.png\u00bb custom_padding=\u00bb120px|10%|120px|80px\u00bb custom_padding_tablet=\u00bb|10%||10%||true\u00bb custom_padding_phone=\u00bb\u00bb custom_padding_last_edited=\u00bbon|tablet\u00bb hover_enabled=\u00bb0&#8243; global_colors_info=\u00bb{}\u00bb padding_tablet=\u00bb|10%||10%||true\u00bb padding_last_edited=\u00bbon|tablet\u00bb custom_padding__hover=\u00bb|||\u00bb padding_phone=\u00bb|10%||10%||true\u00bb title_text=\u00bbcemaipo_tutorias_006&#8243; sticky_enabled=\u00bb0&#8243;][et_pb_divider color=\u00bbrgba(0,0,0,0)\u00bb _builder_version=\u00bb4.16&#8243; height=\u00bb200px\u00bb locked=\u00bboff\u00bb global_colors_info=\u00bb{}\u00bb][\/et_pb_divider][\/et_pb_column][\/et_pb_row][\/et_pb_section][et_pb_section fb_built=\u00bb1&#8243; background_color_gradient_stops_1=\u00bb#2b87da 0%|#c7cbd4 100%\u00bb background_color_gradient_end_1=\u00bb#c7cbd4&#8243; admin_label=\u00bbTexto &#8211; Imagen Izq\u00bb _builder_version=\u00bb4.27.4&#8243; background_color=\u00bb#FFFFFF\u00bb custom_padding=\u00bb0|0px|0|0px|false|false\u00bb locked=\u00bboff\u00bb global_colors_info=\u00bb{}\u00bb][et_pb_row column_structure=\u00bb1_2,1_2&#8243; use_custom_gutter=\u00bbon\u00bb gutter_width=\u00bb1&#8243; make_equal=\u00bbon\u00bb padding_top_bottom_link_1=\u00bbtrue\u00bb padding_top_bottom_link_2=\u00bbtrue\u00bb module_class=\u00bb et_pb_row_fullwidth\u00bb _builder_version=\u00bb4.27.4&#8243; width=\u00bb100%\u00bb width_tablet=\u00bb100%\u00bb width_phone=\u00bb\u00bb width_last_edited=\u00bbon|desktop\u00bb max_width=\u00bb100%\u00bb max_width_tablet=\u00bb100%\u00bb max_width_phone=\u00bb\u00bb max_width_last_edited=\u00bbon|desktop\u00bb custom_padding=\u00bb0px|0px|0px|0px||\u00bb make_fullwidth=\u00bbon\u00bb global_colors_info=\u00bb{}\u00bb][et_pb_column type=\u00bb1_2&#8243; _builder_version=\u00bb4.27.4&#8243; background_color_gradient_direction=\u00bb90deg\u00bb background_color_gradient_start=\u00bb#ff7355&#8243; background_color_gradient_end=\u00bbrgba(255,115,85,0.6)\u00bb background_image=\u00bbhttps:\/\/cemaipo.ramirocarrion.com\/wordpress\/wp-content\/uploads\/2025\/09\/cemaipo_tutorias_002.png\u00bb custom_padding=\u00bb120px|10%|120px|80px\u00bb custom_padding_tablet=\u00bb|10%||10%||true\u00bb custom_padding_phone=\u00bb\u00bb custom_padding_last_edited=\u00bbon|tablet\u00bb global_colors_info=\u00bb{}\u00bb padding_tablet=\u00bb|10%||10%||true\u00bb padding_last_edited=\u00bbon|tablet\u00bb custom_padding__hover=\u00bb|||\u00bb padding_phone=\u00bb|10%||10%||true\u00bb][et_pb_divider color=\u00bbrgba(0,0,0,0)\u00bb _builder_version=\u00bb4.16&#8243; height=\u00bb200px\u00bb locked=\u00bboff\u00bb global_colors_info=\u00bb{}\u00bb][\/et_pb_divider][\/et_pb_column][et_pb_column type=\u00bb1_2&#8243; _builder_version=\u00bb4.16&#8243; custom_padding=\u00bb120px|80px|120px|10%\u00bb custom_padding_tablet=\u00bb|10%||10%||true\u00bb custom_padding_phone=\u00bb\u00bb custom_padding_last_edited=\u00bbon|tablet\u00bb global_colors_info=\u00bb{}\u00bb padding_tablet=\u00bb|10%||10%||true\u00bb padding_last_edited=\u00bbon|tablet\u00bb custom_padding__hover=\u00bb|||\u00bb padding_phone=\u00bb|10%||10%||true\u00bb][et_pb_text admin_label=\u00bbTitle\u00bb _builder_version=\u00bb4.27.4&#8243; text_font=\u00bbPoppins||||||||\u00bb text_font_size=\u00bb16px\u00bb text_line_height=\u00bb2em\u00bb quote_font=\u00bb||||||||\u00bb header_font=\u00bbPoppins||||||||\u00bb header_2_font=\u00bbPoppins|700||on|||||\u00bb header_2_text_color=\u00bb#afb57f\u00bb header_2_font_size=\u00bb40px\u00bb header_2_letter_spacing=\u00bb3px\u00bb header_2_line_height=\u00bb1.4em\u00bb header_5_font=\u00bbRubik|700||on|||||\u00bb header_5_text_color=\u00bb#ff7355&#8243; header_5_letter_spacing=\u00bb5px\u00bb header_5_line_height=\u00bb1.2em\u00bb max_width=\u00bb600px\u00bb max_width_tablet=\u00bb\u00bb max_width_phone=\u00bb\u00bb max_width_last_edited=\u00bbon|phone\u00bb custom_margin=\u00bb|||\u00bb custom_margin_tablet=\u00bb|70px||70px\u00bb custom_margin_phone=\u00bb|50px||50px\u00bb custom_margin_last_edited=\u00bboff|desktop\u00bb custom_padding=\u00bb|||\u00bb text_line_height_last_edited=\u00bboff|desktop\u00bb header_2_font_size_tablet=\u00bb\u00bb header_2_font_size_phone=\u00bb30px\u00bb header_2_font_size_last_edited=\u00bbon|phone\u00bb locked=\u00bboff\u00bb inline_fonts=\u00bbSacramento\u00bb global_colors_info=\u00bb{}\u00bb]<\/p>\n<h2>Encuentro tutorados<\/h2>\n<p>Fortalecemos las habilidades socioemocionales de los tutorados a trav\u00e9s de dos encuentros al a\u00f1o, promoviendo el trabajo colaborativo y la generaci\u00f3n de redes.<\/p>\n<p>&nbsp;<\/p>\n<p>&nbsp;<\/p>\n<p>&nbsp;<\/p>\n<p>[\/et_pb_text][et_pb_code _builder_version=\u00bb4.27.4&#8243; _module_preset=\u00bbdefault\u00bb global_colors_info=\u00bb{}\u00bb][\/et_pb_code][\/et_pb_column][\/et_pb_row][\/et_pb_section][et_pb_section fb_built=\u00bb1&#8243; admin_label=\u00bbDatos estadisticos\u00bb _builder_version=\u00bb4.27.4&#8243; background_color=\u00bb#f5f5f4&#8243; background_enable_image=\u00bboff\u00bb parallax=\u00bbon\u00bb min_height=\u00bb530.8px\u00bb custom_margin=\u00bb|||\u00bb custom_padding=\u00bb56px|||||\u00bb collapsed=\u00bboff\u00bb global_colors_info=\u00bb{}\u00bb][et_pb_row column_structure=\u00bb1_5,1_5,1_5,1_5,1_5&#8243; _builder_version=\u00bb4.27.4&#8243; _module_preset=\u00bbdefault\u00bb width=\u00bb90%\u00bb max_width=\u00bb90%\u00bb global_colors_info=\u00bb{}\u00bb][et_pb_column type=\u00bb1_5&#8243; _builder_version=\u00bb4.27.4&#8243; _module_preset=\u00bbdefault\u00bb global_colors_info=\u00bb{}\u00bb][et_pb_number_counter title=\u00bbduplas tutor &#8211; tutorado\u00bb number=\u00bb48&#8243; percent_sign=\u00bboff\u00bb _builder_version=\u00bb4.27.4&#8243; title_font=\u00bbPoppins|||on|||||\u00bb title_text_color=\u00bb#ffffff\u00bb title_font_size=\u00bb14px\u00bb title_letter_spacing=\u00bb2px\u00bb title_line_height=\u00bb1.5em\u00bb number_font=\u00bbPoppins|500|||||||\u00bb number_text_color=\u00bb#ffffff\u00bb number_font_size=\u00bb43px\u00bb number_line_height=\u00bb100px\u00bb background_color=\u00bb#afb57f\u00bb background_layout=\u00bbdark\u00bb width=\u00bb100%\u00bb min_height=\u00bb288px\u00bb custom_margin=\u00bb|3px|11px|||\u00bb custom_padding=\u00bb50px|25px|15px|25px|false|true\u00bb border_radii=\u00bbon|10px|10px|10px|10px\u00bb global_colors_info=\u00bb{}\u00bb][\/et_pb_number_counter][\/et_pb_column][et_pb_column type=\u00bb1_5&#8243; _builder_version=\u00bb4.27.4&#8243; _module_preset=\u00bbdefault\u00bb global_colors_info=\u00bb{}\u00bb][et_pb_number_counter title=\u00bbhoras entregadas a la comunidad\u00bb number=\u00bb292&#8243; percent_sign=\u00bboff\u00bb _builder_version=\u00bb4.27.4&#8243; title_font=\u00bbPoppins|500||on|||||\u00bb title_text_align=\u00bbcenter\u00bb title_text_color=\u00bb#ffffff\u00bb title_font_size=\u00bb14px\u00bb title_letter_spacing=\u00bb2px\u00bb title_line_height=\u00bb1.5em\u00bb number_font=\u00bbPoppins|500|||||||\u00bb number_text_align=\u00bbcenter\u00bb number_text_color=\u00bb#ffffff\u00bb number_font_size=\u00bb46px\u00bb number_line_height=\u00bb100px\u00bb background_color=\u00bb#afb57f\u00bb text_orientation=\u00bbleft\u00bb background_layout=\u00bbdark\u00bb width=\u00bb98.3%\u00bb min_height=\u00bb288px\u00bb custom_margin=\u00bb|4px|11px|||\u00bb custom_padding=\u00bb50px|25px|15px|25px|false|true\u00bb border_radii=\u00bbon|10px|10px|10px|10px\u00bb global_colors_info=\u00bb{}\u00bb][\/et_pb_number_counter][\/et_pb_column][et_pb_column type=\u00bb1_5&#8243; _builder_version=\u00bb4.27.4&#8243; _module_preset=\u00bbdefault\u00bb global_colors_info=\u00bb{}\u00bb][et_pb_number_counter title=\u00bbde los tutorados elaboran su plan vocacional\u00bb number=\u00bb81%\u00bb percent_sign=\u00bboff\u00bb _builder_version=\u00bb4.27.4&#8243; title_font=\u00bbPoppins|||on|||||\u00bb title_text_align=\u00bbcenter\u00bb title_text_color=\u00bb#ffffff\u00bb title_font_size=\u00bb14px\u00bb title_letter_spacing=\u00bb2px\u00bb title_line_height=\u00bb1.5em\u00bb number_font=\u00bbPoppins|500|||||||\u00bb number_text_color=\u00bb#ffffff\u00bb number_font_size=\u00bb40px\u00bb number_line_height=\u00bb100px\u00bb background_color=\u00bb#afb57f\u00bb background_layout=\u00bbdark\u00bb width=\u00bb98.3%\u00bb min_height=\u00bb288px\u00bb custom_margin=\u00bb|3px|14px|||\u00bb custom_padding=\u00bb50px|25px|15px|25px|false|true\u00bb border_radii=\u00bbon|10px|10px|10px|10px\u00bb global_colors_info=\u00bb{}\u00bb][\/et_pb_number_counter][\/et_pb_column][et_pb_column type=\u00bb1_5&#8243; _builder_version=\u00bb4.27.4&#8243; _module_preset=\u00bbdefault\u00bb global_colors_info=\u00bb{}\u00bb][et_pb_number_counter title=\u00bbde los tutores eval\u00faa positivamente la experiencia en el programa\u00bb number=\u00bb91%\u00bb percent_sign=\u00bboff\u00bb _builder_version=\u00bb4.27.4&#8243; title_font=\u00bbPoppins|||on|||||\u00bb title_text_color=\u00bb#ffffff\u00bb title_font_size=\u00bb14px\u00bb title_letter_spacing=\u00bb2px\u00bb title_line_height=\u00bb1.5em\u00bb number_font=\u00bbPoppins|500|||||||\u00bb number_text_color=\u00bb#ffffff\u00bb number_font_size=\u00bb46px\u00bb number_line_height=\u00bb100px\u00bb background_color=\u00bb#afb57f\u00bb background_layout=\u00bbdark\u00bb width=\u00bb98.3%\u00bb min_height=\u00bb288px\u00bb custom_margin=\u00bb|1px|28px|||\u00bb custom_padding=\u00bb50px|25px|15px|25px|false|true\u00bb border_radii=\u00bbon|10px|10px|10px|10px\u00bb global_colors_info=\u00bb{}\u00bb][\/et_pb_number_counter][\/et_pb_column][et_pb_column type=\u00bb1_5&#8243; _builder_version=\u00bb4.27.4&#8243; _module_preset=\u00bbdefault\u00bb global_colors_info=\u00bb{}\u00bb][et_pb_number_counter title=\u00bbde los tutores y tutorados recomendar\u00eda las capacitaciones y encuentros\u00bb number=\u00bb98%\u00bb percent_sign=\u00bboff\u00bb _builder_version=\u00bb4.27.4&#8243; title_font=\u00bbPoppins|||on|||||\u00bb title_text_color=\u00bb#ffffff\u00bb title_font_size=\u00bb14px\u00bb title_letter_spacing=\u00bb1px\u00bb title_line_height=\u00bb1.5em\u00bb number_font=\u00bbPoppins|500|||||||\u00bb number_text_color=\u00bb#ffffff\u00bb number_font_size=\u00bb46px\u00bb number_line_height=\u00bb100px\u00bb background_color=\u00bb#afb57f\u00bb background_layout=\u00bbdark\u00bb width=\u00bb98.3%\u00bb min_height=\u00bb288px\u00bb custom_margin=\u00bb|1px|28px|||\u00bb custom_padding=\u00bb50px|25px|15px|25px|false|true\u00bb border_radii=\u00bbon|10px|10px|10px|10px\u00bb global_colors_info=\u00bb{}\u00bb][\/et_pb_number_counter][\/et_pb_column][\/et_pb_row][et_pb_row _builder_version=\u00bb4.27.4&#8243; _module_preset=\u00bbdefault\u00bb width=\u00bb90%\u00bb max_width=\u00bb90%\u00bb global_colors_info=\u00bb{}\u00bb][et_pb_column type=\u00bb4_4&#8243; _builder_version=\u00bb4.27.4&#8243; _module_preset=\u00bbdefault\u00bb global_colors_info=\u00bb{}\u00bb][et_pb_text _builder_version=\u00bb4.27.4&#8243; _module_preset=\u00bbdefault\u00bb text_font=\u00bbPoppins||||||||\u00bb text_font_size=\u00bb12px\u00bb global_colors_info=\u00bb{}\u00bb]*Datos memoria FECU 2024[\/et_pb_text][\/et_pb_column][\/et_pb_row][\/et_pb_section][et_pb_section fb_built=\u00bb1&#8243; _builder_version=\u00bb4.27.4&#8243; _module_preset=\u00bbdefault\u00bb global_colors_info=\u00bb{}\u00bb][et_pb_row column_structure=\u00bb1_2,1_2&#8243; _builder_version=\u00bb4.27.4&#8243; _module_preset=\u00bbdefault\u00bb global_colors_info=\u00bb{}\u00bb][et_pb_column type=\u00bb1_2&#8243; _builder_version=\u00bb4.27.4&#8243; _module_preset=\u00bbdefault\u00bb background_color=\u00bb#739dd3&#8243; custom_padding=\u00bb15px|15px|15px|15px|false|false\u00bb global_colors_info=\u00bb{}\u00bb][et_pb_text _builder_version=\u00bb4.27.4&#8243; _module_preset=\u00bbdefault\u00bb text_font=\u00bbPoppins||||||||\u00bb text_text_color=\u00bb#FFFFFF\u00bb text_font_size=\u00bb15px\u00bb text_orientation=\u00bbcenter\u00bb global_colors_info=\u00bb{}\u00bb]<\/p>\n<p>Your content goes here. Edit or remove this text inline or in the module Content settings.\u00a0<\/p>\n<p>[\/et_pb_text][et_pb_button button_text=\u00bbTestimonios\u00bb button_alignment=\u00bbcenter\u00bb _builder_version=\u00bb4.27.4&#8243; _module_preset=\u00bbdefault\u00bb custom_button=\u00bbon\u00bb button_text_color=\u00bb#FFFFFF\u00bb button_bg_color=\u00bb#2e2d2c\u00bb button_border_width=\u00bb0px\u00bb button_border_radius=\u00bb15px\u00bb button_font=\u00bb|||on|||||\u00bb global_colors_info=\u00bb{}\u00bb][\/et_pb_button][\/et_pb_column][et_pb_column type=\u00bb1_2&#8243; _builder_version=\u00bb4.27.4&#8243; _module_preset=\u00bbdefault\u00bb background_color=\u00bbRGBA(255,255,255,0)\u00bb custom_padding=\u00bb15px|15px|15px|15px|false|false\u00bb global_colors_info=\u00bb{}\u00bb][\/et_pb_column][\/et_pb_row][\/et_pb_section]<\/p>\n","protected":false},"excerpt":{"rendered":"<p>Desde 2019, este programa potencia la formaci\u00f3n personal y la orientaci\u00f3n vocacional de j\u00f3venes del Maipo, guiando a estudiantes de IV medio de liceos de Buin y Paine (tutorados) en el dise\u00f1o de sus trayectorias formativas y laborales, a trav\u00e9s de un acompa\u00f1amiento personalizado realizado por profesionales voluntarios de la zona (tutores) quienes orientan y [&hellip;]<\/p>\n","protected":false},"author":1,"featured_media":0,"parent":0,"menu_order":0,"comment_status":"closed","ping_status":"closed","template":"","meta":{"_et_pb_use_builder":"on","_et_pb_old_content":"","_et_gb_content_width":"","footnotes":""},"class_list":["post-25104","page","type-page","status-publish","hentry"],"_links":{"self":[{"href":"https:\/\/cemaipo.ramirocarrion.com\/wordpress\/wp-json\/wp\/v2\/pages\/25104","targetHints":{"allow":["GET"]}}],"collection":[{"href":"https:\/\/cemaipo.ramirocarrion.com\/wordpress\/wp-json\/wp\/v2\/pages"}],"about":[{"href":"https:\/\/cemaipo.ramirocarrion.com\/wordpress\/wp-json\/wp\/v2\/types\/page"}],"author":[{"embeddable":true,"href":"https:\/\/cemaipo.ramirocarrion.com\/wordpress\/wp-json\/wp\/v2\/users\/1"}],"replies":[{"embeddable":true,"href":"https:\/\/cemaipo.ramirocarrion.com\/wordpress\/wp-json\/wp\/v2\/comments?post=25104"}],"version-history":[{"count":11,"href":"https:\/\/cemaipo.ramirocarrion.com\/wordpress\/wp-json\/wp\/v2\/pages\/25104\/revisions"}],"predecessor-version":[{"id":25716,"href":"https:\/\/cemaipo.ramirocarrion.com\/wordpress\/wp-json\/wp\/v2\/pages\/25104\/revisions\/25716"}],"wp:attachment":[{"href":"https:\/\/cemaipo.ramirocarrion.com\/wordpress\/wp-json\/wp\/v2\/media?parent=25104"}],"curies":[{"name":"wp","href":"https:\/\/api.w.org\/{rel}","templated":true}]}}