{"id":24894,"date":"2025-08-14T09:41:05","date_gmt":"2025-08-14T12:41:05","guid":{"rendered":"https:\/\/cemaipo.ramirocarrion.com\/wordpress\/?page_id=24894"},"modified":"2025-09-08T14:48:07","modified_gmt":"2025-09-08T17:48:07","slug":"a-quienes-beneficiamos","status":"publish","type":"page","link":"https:\/\/cemaipo.ramirocarrion.com\/wordpress\/a-quienes-beneficiamos\/","title":{"rendered":"\u00bfA qui\u00e9nes beneficiamos?"},"content":{"rendered":"<p>[et_pb_section fb_built=\u00bb1&#8243; background_color_gradient_stops_1=\u00bb#2b87da 0%|#c7cbd4 100%\u00bb background_color_gradient_end_1=\u00bb#c7cbd4&#8243; admin_label=\u00bbTexto &#8211; imagen der\u00bb _builder_version=\u00bb4.27.4&#8243; background_color=\u00bb#f3f4ec\u00bb custom_padding=\u00bb0|0px|0|0px|false|false\u00bb locked=\u00bboff\u00bb global_colors_info=\u00bb{}\u00bb][et_pb_row _builder_version=\u00bb4.16&#8243; _module_preset=\u00bbdefault\u00bb global_colors_info=\u00bb{}\u00bb][et_pb_column type=\u00bb4_4&#8243; _builder_version=\u00bb4.16&#8243; _module_preset=\u00bbdefault\u00bb global_colors_info=\u00bb{}\u00bb][et_pb_text _builder_version=\u00bb4.27.4&#8243; _module_preset=\u00bb003e9429-8e11-4d9e-968b-8881092bbf81&#8243; text_font=\u00bbPoppins|600|||||||\u00bb text_text_color=\u00bb#e02b20&#8243; header_2_font=\u00bbPoppins|500||on|||||\u00bb header_2_text_align=\u00bbcenter\u00bb header_2_text_color=\u00bb#739dd3&#8243; header_2_font_size=\u00bb40px\u00bb header_2_line_height=\u00bb1.2em\u00bb background_layout=\u00bbdark\u00bb header_2_font_size_tablet=\u00bb30px\u00bb header_2_font_size_phone=\u00bb20px\u00bb header_2_font_size_last_edited=\u00bbon|desktop\u00bb locked=\u00bboff\u00bb global_colors_info=\u00bb{}\u00bb]<\/p>\n<h2>\u00bfA qui\u00e9nes beneficiamos? <\/h2>\n<p>[\/et_pb_text][et_pb_divider color=\u00bb#739dd3&#8243; divider_weight=\u00bb2px\u00bb _builder_version=\u00bb4.27.4&#8243; _module_preset=\u00bbdefault\u00bb width=\u00bb12%\u00bb module_alignment=\u00bbcenter\u00bb global_colors_info=\u00bb{}\u00bb][\/et_pb_divider][et_pb_text _builder_version=\u00bb4.27.4&#8243; _module_preset=\u00bbdefault\u00bb text_font=\u00bbPoppins||||||||\u00bb text_font_size=\u00bb18px\u00bb text_orientation=\u00bbcenter\u00bb custom_margin=\u00bb-20px|||||\u00bb global_colors_info=\u00bb{}\u00bb]<\/p>\n<p>En Cemaipo, trabajamos por el bienestar de las personas y el desarrollo sostenible del territorio. Nuestros programas est\u00e1n dirigidos a:<\/p>\n<p>[\/et_pb_text][\/et_pb_column][\/et_pb_row][et_pb_row column_structure=\u00bb1_2,1_2&#8243; use_custom_gutter=\u00bbon\u00bb gutter_width=\u00bb1&#8243; make_equal=\u00bbon\u00bb padding_top_bottom_link_1=\u00bbtrue\u00bb padding_top_bottom_link_2=\u00bbtrue\u00bb module_class=\u00bb et_pb_row_fullwidth\u00bb _builder_version=\u00bb4.27.4&#8243; width=\u00bb100%\u00bb width_tablet=\u00bb100%\u00bb width_phone=\u00bb\u00bb width_last_edited=\u00bbon|desktop\u00bb max_width=\u00bb100%\u00bb max_width_tablet=\u00bb100%\u00bb max_width_phone=\u00bb\u00bb max_width_last_edited=\u00bbon|desktop\u00bb custom_padding=\u00bb0px|0px|0px|0px\u00bb hover_enabled=\u00bb0&#8243; make_fullwidth=\u00bbon\u00bb global_colors_info=\u00bb{}\u00bb sticky_enabled=\u00bb0&#8243;][et_pb_column type=\u00bb1_2&#8243; _builder_version=\u00bb4.16&#8243; custom_padding=\u00bb120px|80px|120px|10%\u00bb custom_padding_tablet=\u00bb|10%||10%||true\u00bb custom_padding_phone=\u00bb\u00bb custom_padding_last_edited=\u00bbon|tablet\u00bb global_colors_info=\u00bb{}\u00bb padding_tablet=\u00bb|10%||10%||true\u00bb padding_last_edited=\u00bbon|tablet\u00bb custom_padding__hover=\u00bb|||\u00bb padding_phone=\u00bb|10%||10%||true\u00bb][et_pb_text admin_label=\u00bbTitle\u00bb _builder_version=\u00bb4.27.4&#8243; text_font=\u00bbPoppins||||||||\u00bb text_font_size=\u00bb16px\u00bb text_line_height=\u00bb1.6em\u00bb quote_font=\u00bb||||||||\u00bb header_font=\u00bbPoppins|||on|||||\u00bb header_2_font=\u00bbPoppins|700||on|||||\u00bb header_2_font_size=\u00bb40px\u00bb header_2_letter_spacing=\u00bb6px\u00bb header_2_line_height=\u00bb1.4em\u00bb header_3_font=\u00bbPoppins|500||on|||||\u00bb header_5_font=\u00bbRubik|700||on|||||\u00bb header_5_text_color=\u00bb#ff7355&#8243; header_5_letter_spacing=\u00bb5px\u00bb header_5_line_height=\u00bb1.2em\u00bb max_width=\u00bb600px\u00bb max_width_tablet=\u00bb\u00bb max_width_phone=\u00bb\u00bb max_width_last_edited=\u00bbon|phone\u00bb custom_margin=\u00bb-92px|||||\u00bb custom_margin_tablet=\u00bb|70px||70px\u00bb custom_margin_phone=\u00bb|50px||50px\u00bb custom_margin_last_edited=\u00bboff|desktop\u00bb custom_padding=\u00bb0px|||||\u00bb text_line_height_last_edited=\u00bboff|desktop\u00bb header_2_font_size_tablet=\u00bb\u00bb header_2_font_size_phone=\u00bb30px\u00bb header_2_font_size_last_edited=\u00bbon|phone\u00bb locked=\u00bboff\u00bb inline_fonts=\u00bbSacramento\u00bb global_colors_info=\u00bb{}\u00bb]<\/p>\n<h3>Ni\u00f1os y j\u00f3venes del Maipo<\/h3>\n<p>Estudiantes de establecimientos educacionales en contexto de alta vulnerabilidad socio econ\u00f3mica y cultural en las comunas de Buin, Paine y Calera de Tango. A trav\u00e9s de iniciativas educativas y culturales, buscamos entregar herramientas que les permitan desplegar todo su potencial.<\/p>\n<p>&nbsp;<\/p>\n<h3>Comunidades escolares y empresariales<\/h3>\n<p>Acompa\u00f1amos a las personas que forman parte de los entornos donde intervenimos: docentes, directivos, trabajadores, voluntarios y colaboradores del mundo empresarial.<\/p>\n<p>[\/et_pb_text][et_pb_code _builder_version=\u00bb4.27.4&#8243; _module_preset=\u00bbdefault\u00bb custom_margin=\u00bb||59px|||\u00bb global_colors_info=\u00bb{}\u00bb][\/et_pb_code][\/et_pb_column][et_pb_column type=\u00bb1_2&#8243; _builder_version=\u00bb4.27.4&#8243; background_color_gradient_direction=\u00bb90deg\u00bb background_color_gradient_start=\u00bb#ff7355&#8243; background_color_gradient_end=\u00bbrgba(255,115,85,0.6)\u00bb background_image=\u00bbhttps:\/\/cemaipo.ramirocarrion.com\/wordpress\/wp-content\/uploads\/2025\/09\/cemaipo_home_0020.png\u00bb custom_padding=\u00bb120px|10%|120px|80px\u00bb custom_padding_tablet=\u00bb|10%||10%||true\u00bb custom_padding_phone=\u00bb\u00bb custom_padding_last_edited=\u00bbon|tablet\u00bb hover_enabled=\u00bb0&#8243; global_colors_info=\u00bb{}\u00bb padding_tablet=\u00bb|10%||10%||true\u00bb padding_last_edited=\u00bbon|tablet\u00bb custom_padding__hover=\u00bb|||\u00bb padding_phone=\u00bb|10%||10%||true\u00bb title_text=\u00bbcemaipo_home_0020&#8243; sticky_enabled=\u00bb0&#8243;][et_pb_divider color=\u00bbrgba(0,0,0,0)\u00bb _builder_version=\u00bb4.16&#8243; height=\u00bb200px\u00bb hover_enabled=\u00bb0&#8243; locked=\u00bboff\u00bb global_colors_info=\u00bb{}\u00bb sticky_enabled=\u00bb0&#8243;][\/et_pb_divider][\/et_pb_column][\/et_pb_row][\/et_pb_section][et_pb_section fb_built=\u00bb1&#8243; fullwidth=\u00bbon\u00bb _builder_version=\u00bb4.27.4&#8243; _module_preset=\u00bbdefault\u00bb global_colors_info=\u00bb{}\u00bb][et_pb_fullwidth_image src=\u00bbhttps:\/\/cemaipo.ramirocarrion.com\/wordpress\/wp-content\/uploads\/2025\/08\/cemaipo_home_001_5.jpg\u00bb title_text=\u00bbcemaipo_home_001_5&#8243; _builder_version=\u00bb4.27.4&#8243; _module_preset=\u00bbdefault\u00bb global_colors_info=\u00bb{}\u00bb][\/et_pb_fullwidth_image][\/et_pb_section]<\/p>\n","protected":false},"excerpt":{"rendered":"<p>\u00bfA qui\u00e9nes beneficiamos? En Cemaipo, trabajamos por el bienestar de las personas y el desarrollo sostenible del territorio. Nuestros programas est\u00e1n dirigidos a:Ni\u00f1os y j\u00f3venes del Maipo Estudiantes de establecimientos educacionales en contexto de alta vulnerabilidad socio econ\u00f3mica y cultural en las comunas de Buin, Paine y Calera de Tango. A trav\u00e9s de iniciativas educativas [&hellip;]<\/p>\n","protected":false},"author":1,"featured_media":0,"parent":0,"menu_order":0,"comment_status":"closed","ping_status":"closed","template":"","meta":{"_et_pb_use_builder":"on","_et_pb_old_content":"","_et_gb_content_width":"","footnotes":""},"class_list":["post-24894","page","type-page","status-publish","hentry"],"_links":{"self":[{"href":"https:\/\/cemaipo.ramirocarrion.com\/wordpress\/wp-json\/wp\/v2\/pages\/24894","targetHints":{"allow":["GET"]}}],"collection":[{"href":"https:\/\/cemaipo.ramirocarrion.com\/wordpress\/wp-json\/wp\/v2\/pages"}],"about":[{"href":"https:\/\/cemaipo.ramirocarrion.com\/wordpress\/wp-json\/wp\/v2\/types\/page"}],"author":[{"embeddable":true,"href":"https:\/\/cemaipo.ramirocarrion.com\/wordpress\/wp-json\/wp\/v2\/users\/1"}],"replies":[{"embeddable":true,"href":"https:\/\/cemaipo.ramirocarrion.com\/wordpress\/wp-json\/wp\/v2\/comments?post=24894"}],"version-history":[{"count":9,"href":"https:\/\/cemaipo.ramirocarrion.com\/wordpress\/wp-json\/wp\/v2\/pages\/24894\/revisions"}],"predecessor-version":[{"id":25803,"href":"https:\/\/cemaipo.ramirocarrion.com\/wordpress\/wp-json\/wp\/v2\/pages\/24894\/revisions\/25803"}],"wp:attachment":[{"href":"https:\/\/cemaipo.ramirocarrion.com\/wordpress\/wp-json\/wp\/v2\/media?parent=24894"}],"curies":[{"name":"wp","href":"https:\/\/api.w.org\/{rel}","templated":true}]}}